{"id":72,"date":"2024-02-28T23:23:41","date_gmt":"2024-02-28T22:23:41","guid":{"rendered":"https:\/\/rocalsol.com\/?page_id=72"},"modified":"2025-03-09T22:04:27","modified_gmt":"2025-03-09T21:04:27","slug":"roc-al-sol-exterieurs","status":"publish","type":"page","link":"https:\/\/rocalsol.com\/index.php\/roc-al-sol-exterieurs\/","title":{"rendered":"Roc al Sol \/ Ext\u00e9rieurs"},"content":{"rendered":"\n<p>La propri\u00e9t\u00e9 est enti\u00e8rement cl\u00f4tur\u00e9e.<\/p>\n\n\n\n<p>Trois places de parking privatives \u00e0 l\u2019appartement se trouvent \u00e0 c\u00f4t\u00e9 du portillon de l\u2019entr\u00e9e de la propri\u00e9t\u00e9.<\/p>\n\n\n\n<p>L\u2019ext\u00e9rieur dispose d\u2019un grand jardin agr\u00e9ment\u00e9 d\u2019une maisonnette et d\u2019une aire de jeux pour enfants avec toboggan et balan\u00e7oires.<\/p>\n\n\n\n<figure class=\"wp-block-image\"><img loading=\"lazy\" decoding=\"async\" width=\"1024\" height=\"768\" src=\"https:\/\/rocalsol.com\/wp-content\/uploads\/2025\/03\/Aire_jeux-1024x768.jpg\" alt=\"\" class=\"wp-image-155\" srcset=\"https:\/\/rocalsol.com\/wp-content\/uploads\/2025\/03\/Aire_jeux-1024x768.jpg 1024w, https:\/\/rocalsol.com\/wp-content\/uploads\/2025\/03\/Aire_jeux-300x225.jpg 300w, https:\/\/rocalsol.com\/wp-content\/uploads\/2025\/03\/Aire_jeux-768x576.jpg 768w, https:\/\/rocalsol.com\/wp-content\/uploads\/2025\/03\/Aire_jeux-1536x1152.jpg 1536w, https:\/\/rocalsol.com\/wp-content\/uploads\/2025\/03\/Aire_jeux-2048x1536.jpg 2048w, https:\/\/rocalsol.com\/wp-content\/uploads\/2025\/03\/Aire_jeux-1200x900.jpg 1200w, https:\/\/rocalsol.com\/wp-content\/uploads\/2025\/03\/Aire_jeux-1980x1485.jpg 1980w\" sizes=\"auto, (max-width: 1024px) 100vw, 1024px\" \/><\/figure>\n\n\n\n<p>Une terrasse privative \u00e0 l\u2019appartement est pourvue d\u2019une table, de bancs et d\u2019un barbecue.<\/p>\n\n\n\n<figure class=\"wp-block-image\"><img loading=\"lazy\" decoding=\"async\" width=\"1024\" height=\"768\" src=\"https:\/\/rocalsol.com\/wp-content\/uploads\/2023\/09\/IMG_7265-1024x768.jpg\" alt=\"\" class=\"wp-image-24\" srcset=\"https:\/\/rocalsol.com\/wp-content\/uploads\/2023\/09\/IMG_7265-1024x768.jpg 1024w, https:\/\/rocalsol.com\/wp-content\/uploads\/2023\/09\/IMG_7265-300x225.jpg 300w, https:\/\/rocalsol.com\/wp-content\/uploads\/2023\/09\/IMG_7265-768x576.jpg 768w, https:\/\/rocalsol.com\/wp-content\/uploads\/2023\/09\/IMG_7265-1536x1152.jpg 1536w, https:\/\/rocalsol.com\/wp-content\/uploads\/2023\/09\/IMG_7265-2048x1536.jpg 2048w\" sizes=\"auto, (max-width: 1024px) 100vw, 1024px\" \/><\/figure>\n\n\n\n<p>Le chalet de jardin, privatif \u00e0 l\u2019appartement et ferm\u00e9 par cadenas \u00e0 code, est situ\u00e9 en face de l\u2019entr\u00e9e de l\u2019appartement, et utilis\u00e9 l\u2019hiver comme local skis, luges ou planches surf, et l\u2019\u00e9t\u00e9 comme local \u00e0 v\u00e9los.<\/p>\n\n\n\n<figure class=\"wp-block-image\"><img loading=\"lazy\" decoding=\"async\" width=\"1024\" height=\"768\" src=\"https:\/\/rocalsol.com\/wp-content\/uploads\/2023\/09\/Exterieur-1-1024x768.jpg\" alt=\"\" class=\"wp-image-25\" srcset=\"https:\/\/rocalsol.com\/wp-content\/uploads\/2023\/09\/Exterieur-1-1024x768.jpg 1024w, https:\/\/rocalsol.com\/wp-content\/uploads\/2023\/09\/Exterieur-1-300x225.jpg 300w, https:\/\/rocalsol.com\/wp-content\/uploads\/2023\/09\/Exterieur-1-768x576.jpg 768w, https:\/\/rocalsol.com\/wp-content\/uploads\/2023\/09\/Exterieur-1-1536x1152.jpg 1536w, https:\/\/rocalsol.com\/wp-content\/uploads\/2023\/09\/Exterieur-1.jpg 1900w\" sizes=\"auto, (max-width: 1024px) 100vw, 1024px\" \/><\/figure>\n","protected":false},"excerpt":{"rendered":"<p>La propri\u00e9t\u00e9 est enti\u00e8rement cl\u00f4tur\u00e9e. Trois places de parking privatives \u00e0 l\u2019appartement se trouvent \u00e0 c\u00f4t\u00e9 du portillon de l\u2019entr\u00e9e de la propri\u00e9t\u00e9. L\u2019ext\u00e9rieur dispose d\u2019un grand jardin agr\u00e9ment\u00e9 d\u2019une maisonnette et d\u2019une aire de jeux pour enfants avec toboggan et balan\u00e7oires. Une terrasse privative \u00e0 l\u2019appartement est pourvue d\u2019une table, de bancs et d\u2019un [&hellip;]<\/p>\n","protected":false},"author":1,"featured_media":0,"parent":0,"menu_order":0,"comment_status":"closed","ping_status":"closed","template":"","meta":{"footnotes":""},"class_list":["post-72","page","type-page","status-publish","hentry"],"_links":{"self":[{"href":"https:\/\/rocalsol.com\/index.php\/wp-json\/wp\/v2\/pages\/72","targetHints":{"allow":["GET"]}}],"collection":[{"href":"https:\/\/rocalsol.com\/index.php\/wp-json\/wp\/v2\/pages"}],"about":[{"href":"https:\/\/rocalsol.com\/index.php\/wp-json\/wp\/v2\/types\/page"}],"author":[{"embeddable":true,"href":"https:\/\/rocalsol.com\/index.php\/wp-json\/wp\/v2\/users\/1"}],"replies":[{"embeddable":true,"href":"https:\/\/rocalsol.com\/index.php\/wp-json\/wp\/v2\/comments?post=72"}],"version-history":[{"count":3,"href":"https:\/\/rocalsol.com\/index.php\/wp-json\/wp\/v2\/pages\/72\/revisions"}],"predecessor-version":[{"id":165,"href":"https:\/\/rocalsol.com\/index.php\/wp-json\/wp\/v2\/pages\/72\/revisions\/165"}],"wp:attachment":[{"href":"https:\/\/rocalsol.com\/index.php\/wp-json\/wp\/v2\/media?parent=72"}],"curies":[{"name":"wp","href":"https:\/\/api.w.org\/{rel}","templated":true}]}}