{"id":71,"date":"2024-02-28T23:23:41","date_gmt":"2024-02-28T22:23:41","guid":{"rendered":"https:\/\/rocalsol.com\/?page_id=71"},"modified":"2025-03-09T21:47:10","modified_gmt":"2025-03-09T20:47:10","slug":"roc-al-sol-contacts","status":"publish","type":"page","link":"https:\/\/rocalsol.com\/index.php\/roc-al-sol-contacts\/","title":{"rendered":"Roc al Sol \/ Contacts"},"content":{"rendered":"\n<p>Pour tout renseignement compl\u00e9mentaire ou pour toute&nbsp;r\u00e9servation, vous pouvez nous joindre :<\/p>\n\n\n\n<p>* par courriel sur rocalsol@orange.fr&nbsp;<\/p>\n\n\n\n<p>* par t\u00e9l\u00e9phone au 06 87 82 20 30<\/p>\n","protected":false},"excerpt":{"rendered":"<p>Pour tout renseignement compl\u00e9mentaire ou pour toute&nbsp;r\u00e9servation, vous pouvez nous joindre : * par courriel sur rocalsol@orange.fr&nbsp; * par t\u00e9l\u00e9phone au 06 87 82 20 30<\/p>\n","protected":false},"author":1,"featured_media":0,"parent":0,"menu_order":0,"comment_status":"closed","ping_status":"closed","template":"","meta":{"footnotes":""},"class_list":["post-71","page","type-page","status-publish","hentry"],"_links":{"self":[{"href":"https:\/\/rocalsol.com\/index.php\/wp-json\/wp\/v2\/pages\/71","targetHints":{"allow":["GET"]}}],"collection":[{"href":"https:\/\/rocalsol.com\/index.php\/wp-json\/wp\/v2\/pages"}],"about":[{"href":"https:\/\/rocalsol.com\/index.php\/wp-json\/wp\/v2\/types\/page"}],"author":[{"embeddable":true,"href":"https:\/\/rocalsol.com\/index.php\/wp-json\/wp\/v2\/users\/1"}],"replies":[{"embeddable":true,"href":"https:\/\/rocalsol.com\/index.php\/wp-json\/wp\/v2\/comments?post=71"}],"version-history":[{"count":2,"href":"https:\/\/rocalsol.com\/index.php\/wp-json\/wp\/v2\/pages\/71\/revisions"}],"predecessor-version":[{"id":158,"href":"https:\/\/rocalsol.com\/index.php\/wp-json\/wp\/v2\/pages\/71\/revisions\/158"}],"wp:attachment":[{"href":"https:\/\/rocalsol.com\/index.php\/wp-json\/wp\/v2\/media?parent=71"}],"curies":[{"name":"wp","href":"https:\/\/api.w.org\/{rel}","templated":true}]}}