{"id":70,"date":"2024-02-28T23:23:41","date_gmt":"2024-02-28T22:23:41","guid":{"rendered":"https:\/\/rocalsol.com\/?page_id=70"},"modified":"2025-03-12T18:30:27","modified_gmt":"2025-03-12T17:30:27","slug":"roc-al-sol-prestations","status":"publish","type":"page","link":"https:\/\/rocalsol.com\/index.php\/roc-al-sol-prestations\/","title":{"rendered":"Roc al Sol \/ Prestations"},"content":{"rendered":"\n<p>Pour plus de confort, nous vous proposons de nombreuses prestations offertes ou payantes.<\/p>\n\n\n\n<p>Roc al Sol est un logement non fumeur, non vapoteur.&nbsp;<\/p>\n\n\n\n<p>Les animaux ne sont pas admis.<\/p>\n\n\n\n<h2 class=\"wp-block-heading\"><strong>Prestations offertes<\/strong><\/h2>\n\n\n\n<p>\u00a0* lave-vaisselle<\/p>\n\n\n\n<p>* service \u00e0 raclettes<\/p>\n\n\n\n<p>* cr\u00eapi\u00e8re<\/p>\n\n\n\n<p>* aspirateur<\/p>\n\n\n\n<p>* lave linge \u2013 s\u00e8che linge<\/p>\n\n\n\n<p>* s\u00e8che-cheveux<\/p>\n\n\n\n<p>* t\u00e9l\u00e9viseur<\/p>\n\n\n\n<p>* lecteur de DVD<\/p>\n\n\n\n<p>* DVD<\/p>\n\n\n\n<p>* jeux de soci\u00e9t\u00e9<\/p>\n\n\n\n<p>* contes pour enfants<\/p>\n\n\n\n<p>* local skis et&nbsp;v\u00e9los privatif,&nbsp;ferm\u00e9 par code<\/p>\n\n\n\n<p>* salon d\u2019\u00e9t\u00e9 et barbecue sur terrasse privative<\/p>\n\n\n\n<p>* wifi (code sur demande)<\/p>\n\n\n\n<p>* 3 places de parking privatives devant le chalet.<\/p>\n\n\n\n<h2 class=\"wp-block-heading\">Prestations payantes disponibles sur demandes<\/h2>\n\n\n\n<h3 class=\"wp-block-heading\"><strong>Kit b\u00e9b\u00e9<\/strong><\/h3>\n\n\n\n<p>Kit complet 50 \u20ac par s\u00e9jour, un article 20 \u20ac par s\u00e9jour<\/p>\n\n\n\n<p>lit parapluie et matelas<\/p>\n\n\n\n<p>chaise haute<\/p>\n\n\n\n<p>rehausseur de chaise<\/p>\n\n\n\n<p>parc<\/p>\n\n\n\n<p>poussette canne.<\/p>\n\n\n\n<h3 class=\"wp-block-heading\"><strong>Kit trousseau<\/strong><\/h3>\n\n\n\n<h4 class=\"wp-block-heading\">Lit en 140<\/h4>\n\n\n\n<p>parure de lit\u00a0: un\u00a0drap-housse, 2 housses d\u2019oreillers, une\u00a0housse de couette,\u00a0et\u00a0<\/p>\n\n\n\n<p>parure de toilette&nbsp;: un drap de douche, un gant, un tapis de bains : 20 \u20ac pour une&nbsp;personne par s\u00e9jour ou 30 \u20ac pour deux personnes avec&nbsp;un drap de douche et un gant suppl\u00e9mentaires.<\/p>\n\n\n\n<h4 class=\"wp-block-heading\">Lit en 90<\/h4>\n\n\n\n<p>parure de lit\u00a0: un\u00a0drap-housse, 1 housse d\u2019oreiller, une\u00a0housse de couette,\u00a0et<\/p>\n\n\n\n<p>parure de toilette&nbsp;: un drap de douche, un gant, un tapis de bains : 20 \u20ac par personne par s\u00e9jour.<\/p>\n\n\n\n<h3 class=\"wp-block-heading\"><strong>Kit entretien<\/strong><\/h3>\n\n\n\n<p>produits pour\u00a0vaisselle\u00a0(tablettes pour lave-vaisselle et liquide vaisselle), tablettes pour\u00a0lessive, produits d\u2019entretien,\u00a0torchon\u00a0pour vaisselle et essuie-mains pour chacune des pi\u00e8ces d\u2019eau\u00a0: 20 \u20ac par s\u00e9jour.<\/p>\n\n\n\n<h3 class=\"wp-block-heading\"><strong>Kit m\u00e9nage<\/strong><\/h3>\n\n\n\n<p>m\u00e9nage complet dans la limite d\u2019un m\u00e9nage standard :\u00a0100 \u20ac.<\/p>\n","protected":false},"excerpt":{"rendered":"<p>Pour plus de confort, nous vous proposons de nombreuses prestations offertes ou payantes. Roc al Sol est un logement non fumeur, non vapoteur.&nbsp; Les animaux ne sont pas admis. Prestations offertes \u00a0* lave-vaisselle * service \u00e0 raclettes * cr\u00eapi\u00e8re * aspirateur * lave linge \u2013 s\u00e8che linge * s\u00e8che-cheveux * t\u00e9l\u00e9viseur * lecteur de DVD [&hellip;]<\/p>\n","protected":false},"author":1,"featured_media":0,"parent":0,"menu_order":0,"comment_status":"closed","ping_status":"closed","template":"","meta":{"footnotes":""},"class_list":["post-70","page","type-page","status-publish","hentry"],"_links":{"self":[{"href":"https:\/\/rocalsol.com\/index.php\/wp-json\/wp\/v2\/pages\/70","targetHints":{"allow":["GET"]}}],"collection":[{"href":"https:\/\/rocalsol.com\/index.php\/wp-json\/wp\/v2\/pages"}],"about":[{"href":"https:\/\/rocalsol.com\/index.php\/wp-json\/wp\/v2\/types\/page"}],"author":[{"embeddable":true,"href":"https:\/\/rocalsol.com\/index.php\/wp-json\/wp\/v2\/users\/1"}],"replies":[{"embeddable":true,"href":"https:\/\/rocalsol.com\/index.php\/wp-json\/wp\/v2\/comments?post=70"}],"version-history":[{"count":4,"href":"https:\/\/rocalsol.com\/index.php\/wp-json\/wp\/v2\/pages\/70\/revisions"}],"predecessor-version":[{"id":179,"href":"https:\/\/rocalsol.com\/index.php\/wp-json\/wp\/v2\/pages\/70\/revisions\/179"}],"wp:attachment":[{"href":"https:\/\/rocalsol.com\/index.php\/wp-json\/wp\/v2\/media?parent=70"}],"curies":[{"name":"wp","href":"https:\/\/api.w.org\/{rel}","templated":true}]}}