{"id":7,"date":"2023-09-17T23:02:14","date_gmt":"2023-09-17T21:02:14","guid":{"rendered":"https:\/\/rocalsol.com\/?page_id=7"},"modified":"2025-03-12T18:11:14","modified_gmt":"2025-03-12T17:11:14","slug":"roc-al-sol-accueil","status":"publish","type":"page","link":"https:\/\/rocalsol.com\/","title":{"rendered":"Roc al Sol \/ Accueil"},"content":{"rendered":"\n<p class=\"has-primary-color has-tertiary-background-color has-text-color has-background\"><\/p>\n\n\n\n<p>Roc al Sol est un bel appartement tr\u00e8s lumineux en rez-de-chauss\u00e9e d&rsquo;un chalet individuel dans le village-station de Les Angles en Pyr\u00e9n\u00e9es Catalanes.<\/p>\n\n\n\n<figure class=\"wp-block-image size-large\"><img loading=\"lazy\" decoding=\"async\" width=\"1024\" height=\"768\" src=\"https:\/\/rocalsol.com\/wp-content\/uploads\/2023\/09\/photo_chalet_ete-1024x768.jpg\" alt=\"\" class=\"wp-image-10\" srcset=\"https:\/\/rocalsol.com\/wp-content\/uploads\/2023\/09\/photo_chalet_ete-1024x768.jpg 1024w, https:\/\/rocalsol.com\/wp-content\/uploads\/2023\/09\/photo_chalet_ete-300x225.jpg 300w, https:\/\/rocalsol.com\/wp-content\/uploads\/2023\/09\/photo_chalet_ete-768x576.jpg 768w, https:\/\/rocalsol.com\/wp-content\/uploads\/2023\/09\/photo_chalet_ete-1536x1152.jpg 1536w, https:\/\/rocalsol.com\/wp-content\/uploads\/2023\/09\/photo_chalet_ete.jpg 1900w\" sizes=\"auto, (max-width: 1024px) 100vw, 1024px\" \/><\/figure>\n\n\n\n<p>Il est situ\u00e9 au 7, impasse des Gen\u00eats 66210 Les Angles.<\/p>\n\n\n\n<p>Point GPS : 42.581807, 2.073284<\/p>\n\n\n\n<p>Vous y trouverez :<\/p>\n\n\n\n<ul class=\"wp-block-list\">\n<li>le calme d&rsquo;une impasse r\u00e9sidentielle,<\/li>\n\n\n\n<li>la beaut\u00e9 du lieu avec vue panoramique sur la cha\u00eene des Pyr\u00e9n\u00e9es, la for\u00eat et le lac de Matemale,<\/li>\n\n\n\n<li>la proximit\u00e9 des commerces et de la station, desservie par des navettes gratuites,<\/li>\n\n\n\n<li>le confort d&rsquo;un logement actuel.<\/li>\n<\/ul>\n\n\n\n<figure class=\"wp-block-image size-large\"><img loading=\"lazy\" decoding=\"async\" width=\"1024\" height=\"768\" src=\"https:\/\/rocalsol.com\/wp-content\/uploads\/2023\/09\/exterieur_hiver-1024x768.jpg\" alt=\"\" class=\"wp-image-11\" srcset=\"https:\/\/rocalsol.com\/wp-content\/uploads\/2023\/09\/exterieur_hiver-1024x768.jpg 1024w, https:\/\/rocalsol.com\/wp-content\/uploads\/2023\/09\/exterieur_hiver-300x225.jpg 300w, https:\/\/rocalsol.com\/wp-content\/uploads\/2023\/09\/exterieur_hiver-768x576.jpg 768w, https:\/\/rocalsol.com\/wp-content\/uploads\/2023\/09\/exterieur_hiver-1536x1152.jpg 1536w, https:\/\/rocalsol.com\/wp-content\/uploads\/2023\/09\/exterieur_hiver-2048x1536.jpg 2048w\" sizes=\"auto, (max-width: 1024px) 100vw, 1024px\" \/><\/figure>\n\n\n\n<h2 class=\"wp-block-heading\">Roc al Sol \/ Description<\/h2>\n\n\n\n<p>L&rsquo;appartement plein Sud donne sur un grand jardin clos \u00e0 la vue bien d\u00e9gag\u00e9e.<\/p>\n\n\n\n<p>Ce bas de chalet est un grand F4 neuf et coquet de pr\u00e8s de 90 m\u00b2 pouvant accueillir jusqu&rsquo;\u00e0 10 personnes.<\/p>\n\n\n\n<p>Le logement est chauff\u00e9 \u00e9lectriquement, toutes les ouvertures b\u00e9n\u00e9ficient du double vitrage avec volets roulants \u00e9lectriques, et le sol est enti\u00e8rement en parquet.<\/p>\n\n\n\n<figure class=\"wp-block-image size-large\"><img loading=\"lazy\" decoding=\"async\" width=\"1024\" height=\"768\" src=\"https:\/\/rocalsol.com\/wp-content\/uploads\/2023\/09\/Exterieur-1024x768.jpg\" alt=\"\" class=\"wp-image-14\" srcset=\"https:\/\/rocalsol.com\/wp-content\/uploads\/2023\/09\/Exterieur-1024x768.jpg 1024w, https:\/\/rocalsol.com\/wp-content\/uploads\/2023\/09\/Exterieur-300x225.jpg 300w, https:\/\/rocalsol.com\/wp-content\/uploads\/2023\/09\/Exterieur-768x576.jpg 768w, https:\/\/rocalsol.com\/wp-content\/uploads\/2023\/09\/Exterieur-1536x1152.jpg 1536w, https:\/\/rocalsol.com\/wp-content\/uploads\/2023\/09\/Exterieur.jpg 1900w\" sizes=\"auto, (max-width: 1024px) 100vw, 1024px\" \/><\/figure>\n\n\n\n<h2 class=\"wp-block-heading\">Roc al Sol \/ Cot\u00e9 jour<\/h2>\n\n\n\n<h3 class=\"wp-block-heading\">Salon<\/h3>\n\n\n\n<p>Le coin salon s&rsquo;ouvre par une baie vitr\u00e9e \u00e0 galandage vers la terrasse privative.<\/p>\n\n\n\n<p>Il est compos\u00e9 de deux beaux canap\u00e9s, de deux poufs, d&rsquo;une tablette, d&rsquo;une lampe sur pied,  d&rsquo;une table de salon et d&rsquo;un meuble t\u00e9l\u00e9 avec t\u00e9l\u00e9viseur, d\u00e9codeur t\u00e9l\u00e9, et des \u00e9tag\u00e8res garnies de prospectus sur les animations et loisirs de la r\u00e9gion, et de diff\u00e9rents jeux de soci\u00e9t\u00e9 pour petits et grands.<\/p>\n\n\n\n<figure class=\"wp-block-image size-full\"><img loading=\"lazy\" decoding=\"async\" width=\"1024\" height=\"768\" src=\"https:\/\/rocalsol.com\/wp-content\/uploads\/2025\/03\/image.png\" alt=\"\" class=\"wp-image-160\" srcset=\"https:\/\/rocalsol.com\/wp-content\/uploads\/2025\/03\/image.png 1024w, https:\/\/rocalsol.com\/wp-content\/uploads\/2025\/03\/image-300x225.png 300w, https:\/\/rocalsol.com\/wp-content\/uploads\/2025\/03\/image-768x576.png 768w\" sizes=\"auto, (max-width: 1024px) 100vw, 1024px\" \/><\/figure>\n\n\n\n<h3 class=\"wp-block-heading\">Salle \u00e0 manger<\/h3>\n\n\n\n<p>La grande salle \u00e0 manger tr\u00e8s lumineuse puisque donnant sur deux grandes baies vitr\u00e9es permet des repas avec une magnifique vue sur le jardin, les montagnes et les for\u00eats.<\/p>\n\n\n\n<figure class=\"wp-block-image size-large\"><img loading=\"lazy\" decoding=\"async\" width=\"1024\" height=\"768\" src=\"https:\/\/rocalsol.com\/wp-content\/uploads\/2023\/09\/Sejour-1024x768.jpg\" alt=\"\" class=\"wp-image-13\" srcset=\"https:\/\/rocalsol.com\/wp-content\/uploads\/2023\/09\/Sejour-1024x768.jpg 1024w, https:\/\/rocalsol.com\/wp-content\/uploads\/2023\/09\/Sejour-300x225.jpg 300w, https:\/\/rocalsol.com\/wp-content\/uploads\/2023\/09\/Sejour-768x576.jpg 768w, https:\/\/rocalsol.com\/wp-content\/uploads\/2023\/09\/Sejour-1536x1152.jpg 1536w, https:\/\/rocalsol.com\/wp-content\/uploads\/2023\/09\/Sejour.jpg 1900w\" sizes=\"auto, (max-width: 1024px) 100vw, 1024px\" \/><\/figure>\n\n\n\n<figure class=\"wp-block-image size-large\"><img loading=\"lazy\" decoding=\"async\" width=\"768\" height=\"1024\" src=\"https:\/\/rocalsol.com\/wp-content\/uploads\/2023\/09\/Salle_manger-768x1024.jpg\" alt=\"\" class=\"wp-image-15\" srcset=\"https:\/\/rocalsol.com\/wp-content\/uploads\/2023\/09\/Salle_manger-768x1024.jpg 768w, https:\/\/rocalsol.com\/wp-content\/uploads\/2023\/09\/Salle_manger-225x300.jpg 225w, https:\/\/rocalsol.com\/wp-content\/uploads\/2023\/09\/Salle_manger-1152x1536.jpg 1152w, https:\/\/rocalsol.com\/wp-content\/uploads\/2023\/09\/Salle_manger-1536x2048.jpg 1536w, https:\/\/rocalsol.com\/wp-content\/uploads\/2023\/09\/Salle_manger-scaled.jpg 1920w\" sizes=\"auto, (max-width: 768px) 100vw, 768px\" \/><\/figure>\n\n\n\n<h3 class=\"wp-block-heading\">Cuisine<\/h3>\n\n\n\n<p>La cuisine enti\u00e8rement am\u00e9nag\u00e9e et compl\u00e8tement \u00e9quip\u00e9e est ouverte c\u00f4t\u00e9 salon et c\u00f4t\u00e9 s\u00e9jour pour davantage de convivialit\u00e9.<\/p>\n\n\n\n<p>Elle comprend un lave-vaisselle, un four micro-ondes, un four pyrolyse, des plaques induction, une hotte, un r\u00e9frig\u00e9rateur-cong\u00e9lateur.<\/p>\n\n\n\n<p>Pour de vraies vacances montagnardes un service \u00e0 raclettes et \u00e0 cr\u00eapes compl\u00e8te ce descriptif.<\/p>\n\n\n\n<p>Un comptoir petit-d\u00e9jeuner accueille une cafeti\u00e8re, une bouilloire et un grille-pains devant deux chaises hautes.<\/p>\n\n\n\n<p>Toute la vaisselle et les ustensiles n\u00e9cessaires sont en place pour de bons repas festifs.<\/p>\n\n\n\n<figure class=\"wp-block-image size-large\"><img loading=\"lazy\" decoding=\"async\" width=\"1024\" height=\"768\" src=\"https:\/\/rocalsol.com\/wp-content\/uploads\/2023\/09\/photo_cuisine-1024x768.jpg\" alt=\"\" class=\"wp-image-54\" srcset=\"https:\/\/rocalsol.com\/wp-content\/uploads\/2023\/09\/photo_cuisine-1024x768.jpg 1024w, https:\/\/rocalsol.com\/wp-content\/uploads\/2023\/09\/photo_cuisine-300x225.jpg 300w, https:\/\/rocalsol.com\/wp-content\/uploads\/2023\/09\/photo_cuisine-768x576.jpg 768w, https:\/\/rocalsol.com\/wp-content\/uploads\/2023\/09\/photo_cuisine-1536x1152.jpg 1536w, https:\/\/rocalsol.com\/wp-content\/uploads\/2023\/09\/photo_cuisine-2048x1536.jpg 2048w, https:\/\/rocalsol.com\/wp-content\/uploads\/2023\/09\/photo_cuisine-1200x900.jpg 1200w, https:\/\/rocalsol.com\/wp-content\/uploads\/2023\/09\/photo_cuisine-1980x1485.jpg 1980w\" sizes=\"auto, (max-width: 1024px) 100vw, 1024px\" \/><\/figure>\n\n\n\n<h3 class=\"wp-block-heading\">Chambre <\/h3>\n\n\n\n<p>La premi\u00e8re chambre compos\u00e9e d&rsquo;un lit en 140, d&rsquo;une table de nuit et d&rsquo;une commode donne c\u00f4t\u00e9 jardin Est-Sud. Elle dispose du n\u00e9cessaire pour regarder des DVD disponibles dans la table de nuit.<\/p>\n\n\n\n<figure class=\"wp-block-image size-large\"><img loading=\"lazy\" decoding=\"async\" width=\"768\" height=\"1024\" src=\"https:\/\/rocalsol.com\/wp-content\/uploads\/2025\/03\/photo_chambre1-768x1024.jpg\" alt=\"\" class=\"wp-image-151\" srcset=\"https:\/\/rocalsol.com\/wp-content\/uploads\/2025\/03\/photo_chambre1-768x1024.jpg 768w, https:\/\/rocalsol.com\/wp-content\/uploads\/2025\/03\/photo_chambre1-225x300.jpg 225w, https:\/\/rocalsol.com\/wp-content\/uploads\/2025\/03\/photo_chambre1-1152x1536.jpg 1152w, https:\/\/rocalsol.com\/wp-content\/uploads\/2025\/03\/photo_chambre1-1536x2048.jpg 1536w, https:\/\/rocalsol.com\/wp-content\/uploads\/2025\/03\/photo_chambre1-1200x1600.jpg 1200w, https:\/\/rocalsol.com\/wp-content\/uploads\/2025\/03\/photo_chambre1-1980x2640.jpg 1980w, https:\/\/rocalsol.com\/wp-content\/uploads\/2025\/03\/photo_chambre1-scaled.jpg 1920w\" sizes=\"auto, (max-width: 768px) 100vw, 768px\" \/><\/figure>\n\n\n\n<h2 class=\"wp-block-heading\">Roc al Sol \/ C\u00f4t\u00e9 nuit<\/h2>\n\n\n\n<p>Le sas dessert les pi\u00e8ces d&rsquo;eau et de nuit. Il est \u00e9quip\u00e9 d&rsquo;un d\u00e9tecteur de fum\u00e9e.<\/p>\n\n\n\n<p>Toutes les chambres disposent pour chaque lit d&rsquo;une housse de matelas, d&rsquo;une couette et d&rsquo;un ou deux oreillers prot\u00e9g\u00e9s par une housse. Les draps et serviettes sont propos\u00e9s en prestation.<\/p>\n\n\n\n<h3 class=\"wp-block-heading\">Suite familiale<\/h3>\n\n\n\n<p>La chambre familiale \u00ab\u00a0cerf\u00a0\u00bb, compos\u00e9e d&rsquo;un lit en 140 et de deux lits superpos\u00e9s en 90 est dispos\u00e9e \u00e0 l&rsquo;Est. <\/p>\n\n\n\n<figure class=\"wp-block-image size-large\"><img loading=\"lazy\" decoding=\"async\" width=\"1024\" height=\"768\" src=\"https:\/\/rocalsol.com\/wp-content\/uploads\/2023\/09\/Chambre_cerf-1024x768.jpg\" alt=\"\" class=\"wp-image-17\" srcset=\"https:\/\/rocalsol.com\/wp-content\/uploads\/2023\/09\/Chambre_cerf-1024x768.jpg 1024w, https:\/\/rocalsol.com\/wp-content\/uploads\/2023\/09\/Chambre_cerf-300x225.jpg 300w, https:\/\/rocalsol.com\/wp-content\/uploads\/2023\/09\/Chambre_cerf-768x576.jpg 768w, https:\/\/rocalsol.com\/wp-content\/uploads\/2023\/09\/Chambre_cerf-1536x1152.jpg 1536w, https:\/\/rocalsol.com\/wp-content\/uploads\/2023\/09\/Chambre_cerf-2048x1536.jpg 2048w\" sizes=\"auto, (max-width: 1024px) 100vw, 1024px\" \/><\/figure>\n\n\n\n<p>Elle a acc\u00e8s directement sur la salle de bains qui comprend un meuble vasque, une baignoire et un wc.<\/p>\n\n\n\n<figure class=\"wp-block-image size-large\"><img loading=\"lazy\" decoding=\"async\" width=\"1024\" height=\"768\" src=\"https:\/\/rocalsol.com\/wp-content\/uploads\/2023\/09\/Salle_de_bains-1024x768.jpg\" alt=\"\" class=\"wp-image-18\" srcset=\"https:\/\/rocalsol.com\/wp-content\/uploads\/2023\/09\/Salle_de_bains-1024x768.jpg 1024w, https:\/\/rocalsol.com\/wp-content\/uploads\/2023\/09\/Salle_de_bains-300x225.jpg 300w, https:\/\/rocalsol.com\/wp-content\/uploads\/2023\/09\/Salle_de_bains-768x576.jpg 768w, https:\/\/rocalsol.com\/wp-content\/uploads\/2023\/09\/Salle_de_bains-1536x1152.jpg 1536w, https:\/\/rocalsol.com\/wp-content\/uploads\/2023\/09\/Salle_de_bains-2048x1536.jpg 2048w\" sizes=\"auto, (max-width: 1024px) 100vw, 1024px\" \/><\/figure>\n\n\n\n<h3 class=\"wp-block-heading\">Chambre \u00ab\u00a0ours\u00a0\u00bb<\/h3>\n\n\n\n<p>Situ\u00e9 c\u00f4t\u00e9 Ouest, la chambre \u00ab\u00a0ours\u00a0\u00bb est compos\u00e9e d&rsquo;un lit en 140, et de deux lits cigognes en 90. Un coin dressing permet de suspendre ses v\u00eatements.<\/p>\n\n\n\n<figure class=\"wp-block-image size-large\"><img loading=\"lazy\" decoding=\"async\" width=\"1024\" height=\"768\" src=\"https:\/\/rocalsol.com\/wp-content\/uploads\/2023\/09\/Chambre_ours-1-1024x768.jpg\" alt=\"\" class=\"wp-image-141\" srcset=\"https:\/\/rocalsol.com\/wp-content\/uploads\/2023\/09\/Chambre_ours-1-1024x768.jpg 1024w, https:\/\/rocalsol.com\/wp-content\/uploads\/2023\/09\/Chambre_ours-1-300x225.jpg 300w, https:\/\/rocalsol.com\/wp-content\/uploads\/2023\/09\/Chambre_ours-1-768x576.jpg 768w, https:\/\/rocalsol.com\/wp-content\/uploads\/2023\/09\/Chambre_ours-1-1536x1152.jpg 1536w, https:\/\/rocalsol.com\/wp-content\/uploads\/2023\/09\/Chambre_ours-1-2048x1536.jpg 2048w, https:\/\/rocalsol.com\/wp-content\/uploads\/2023\/09\/Chambre_ours-1-1200x900.jpg 1200w, https:\/\/rocalsol.com\/wp-content\/uploads\/2023\/09\/Chambre_ours-1-1980x1485.jpg 1980w\" sizes=\"auto, (max-width: 1024px) 100vw, 1024px\" \/><\/figure>\n\n\n\n<h3 class=\"wp-block-heading\">Salle d&rsquo;eau<\/h3>\n\n\n\n<p>La salle d&rsquo;eau accueille un meuble vasque, une douche en 120 et un lave-linge\/s\u00e8che-linge.<\/p>\n\n\n\n<figure class=\"wp-block-image size-large\"><img loading=\"lazy\" decoding=\"async\" width=\"1024\" height=\"768\" src=\"https:\/\/rocalsol.com\/wp-content\/uploads\/2023\/10\/photo_sde-1024x768.jpg\" alt=\"\" class=\"wp-image-58\" srcset=\"https:\/\/rocalsol.com\/wp-content\/uploads\/2023\/10\/photo_sde-1024x768.jpg 1024w, https:\/\/rocalsol.com\/wp-content\/uploads\/2023\/10\/photo_sde-300x225.jpg 300w, https:\/\/rocalsol.com\/wp-content\/uploads\/2023\/10\/photo_sde-768x576.jpg 768w, https:\/\/rocalsol.com\/wp-content\/uploads\/2023\/10\/photo_sde-1536x1152.jpg 1536w, https:\/\/rocalsol.com\/wp-content\/uploads\/2023\/10\/photo_sde-2048x1536.jpg 2048w, https:\/\/rocalsol.com\/wp-content\/uploads\/2023\/10\/photo_sde-1200x900.jpg 1200w, https:\/\/rocalsol.com\/wp-content\/uploads\/2023\/10\/photo_sde-1980x1485.jpg 1980w\" sizes=\"auto, (max-width: 1024px) 100vw, 1024px\" \/><\/figure>\n\n\n\n<h3 class=\"wp-block-heading\">Cabinet de toilettes<\/h3>\n\n\n\n<p>Il est en face de la salle d&rsquo;eau et est compos\u00e9 d&rsquo;un wc et d&rsquo;un lave-mains.<\/p>\n\n\n\n<figure class=\"wp-block-image size-large\"><img loading=\"lazy\" decoding=\"async\" width=\"768\" height=\"1024\" src=\"https:\/\/rocalsol.com\/wp-content\/uploads\/2025\/03\/photo_lavemains-768x1024.jpg\" alt=\"\" class=\"wp-image-152\" srcset=\"https:\/\/rocalsol.com\/wp-content\/uploads\/2025\/03\/photo_lavemains-768x1024.jpg 768w, https:\/\/rocalsol.com\/wp-content\/uploads\/2025\/03\/photo_lavemains-225x300.jpg 225w, https:\/\/rocalsol.com\/wp-content\/uploads\/2025\/03\/photo_lavemains-1152x1536.jpg 1152w, https:\/\/rocalsol.com\/wp-content\/uploads\/2025\/03\/photo_lavemains-1536x2048.jpg 1536w, https:\/\/rocalsol.com\/wp-content\/uploads\/2025\/03\/photo_lavemains-1200x1600.jpg 1200w, https:\/\/rocalsol.com\/wp-content\/uploads\/2025\/03\/photo_lavemains-1980x2640.jpg 1980w, https:\/\/rocalsol.com\/wp-content\/uploads\/2025\/03\/photo_lavemains-scaled.jpg 1920w\" sizes=\"auto, (max-width: 768px) 100vw, 768px\" \/><\/figure>\n\n\n\n<h2 class=\"wp-block-heading\">Roc al Sol \/ Ext\u00e9rieurs<\/h2>\n\n\n\n<p>La propri\u00e9t\u00e9 est enti\u00e8rement cl\u00f4tur\u00e9e.<\/p>\n\n\n\n<p>Trois places de parking privatives \u00e0 l&rsquo;appartement se trouvent \u00e0 c\u00f4t\u00e9 du portillon de l&rsquo;entr\u00e9e de la propri\u00e9t\u00e9.<\/p>\n\n\n\n<p>L&rsquo;ext\u00e9rieur dispose d&rsquo;un grand jardin agr\u00e9ment\u00e9 d&rsquo;une maisonnette et d&rsquo;une aire de jeux pour enfants avec toboggan et balan\u00e7oires.<\/p>\n\n\n\n<figure class=\"wp-block-image size-full\"><img loading=\"lazy\" decoding=\"async\" width=\"1024\" height=\"768\" src=\"https:\/\/rocalsol.com\/wp-content\/uploads\/2025\/03\/image-1.png\" alt=\"\" class=\"wp-image-173\" srcset=\"https:\/\/rocalsol.com\/wp-content\/uploads\/2025\/03\/image-1.png 1024w, https:\/\/rocalsol.com\/wp-content\/uploads\/2025\/03\/image-1-300x225.png 300w, https:\/\/rocalsol.com\/wp-content\/uploads\/2025\/03\/image-1-768x576.png 768w\" sizes=\"auto, (max-width: 1024px) 100vw, 1024px\" \/><\/figure>\n\n\n\n<p>Une terrasse privative \u00e0 l&rsquo;appartement est pourvue d&rsquo;une table, de bancs et d&rsquo;un barbecue.<\/p>\n\n\n\n<figure class=\"wp-block-image size-full\"><img loading=\"lazy\" decoding=\"async\" width=\"1024\" height=\"768\" src=\"https:\/\/rocalsol.com\/wp-content\/uploads\/2025\/03\/image-2.png\" alt=\"\" class=\"wp-image-174\" srcset=\"https:\/\/rocalsol.com\/wp-content\/uploads\/2025\/03\/image-2.png 1024w, https:\/\/rocalsol.com\/wp-content\/uploads\/2025\/03\/image-2-300x225.png 300w, https:\/\/rocalsol.com\/wp-content\/uploads\/2025\/03\/image-2-768x576.png 768w\" sizes=\"auto, (max-width: 1024px) 100vw, 1024px\" \/><\/figure>\n\n\n\n<p>Le chalet de jardin, privatif \u00e0 l&rsquo;appartement et ferm\u00e9 par cadenas \u00e0 code, est situ\u00e9 en face de l&rsquo;entr\u00e9e de l&rsquo;appartement, et utilis\u00e9 l&rsquo;hiver comme local skis, luges ou planches surf, et l&rsquo;\u00e9t\u00e9 comme local \u00e0 v\u00e9los.<\/p>\n\n\n\n<figure class=\"wp-block-image size-full\"><img loading=\"lazy\" decoding=\"async\" width=\"1024\" height=\"768\" src=\"https:\/\/rocalsol.com\/wp-content\/uploads\/2025\/03\/image-3.png\" alt=\"\" class=\"wp-image-175\" srcset=\"https:\/\/rocalsol.com\/wp-content\/uploads\/2025\/03\/image-3.png 1024w, https:\/\/rocalsol.com\/wp-content\/uploads\/2025\/03\/image-3-300x225.png 300w, https:\/\/rocalsol.com\/wp-content\/uploads\/2025\/03\/image-3-768x576.png 768w\" sizes=\"auto, (max-width: 1024px) 100vw, 1024px\" \/><\/figure>\n\n\n\n<h2 class=\"wp-block-heading\">Roc al Sol \/ Prestations<\/h2>\n\n\n\n<p>Pour plus de confort, nous vous proposons de nombreuses prestations offertes ou payantes.<\/p>\n\n\n\n<p>Roc al Sol est un logement non fumeur, non vapoteur.&nbsp;<\/p>\n\n\n\n<p>Les animaux ne sont pas admis.<\/p>\n\n\n\n<h3 class=\"wp-block-heading\"><strong>Prestations offertes<\/strong><\/h3>\n\n\n\n<p>\u00a0* lave-vaisselle<\/p>\n\n\n\n<p>* service \u00e0 raclettes<\/p>\n\n\n\n<p>* cr\u00eapi\u00e8re<\/p>\n\n\n\n<p>* aspirateur<\/p>\n\n\n\n<p>* lave linge &#8211; s\u00e8che linge<\/p>\n\n\n\n<p>* s\u00e8che-cheveux<\/p>\n\n\n\n<p>* t\u00e9l\u00e9viseur<\/p>\n\n\n\n<p>* lecteur de DVD<\/p>\n\n\n\n<p>* DVD<\/p>\n\n\n\n<p>* jeux de soci\u00e9t\u00e9<\/p>\n\n\n\n<p>* contes pour enfants<\/p>\n\n\n\n<p>* local skis et&nbsp;v\u00e9los privatif,&nbsp;ferm\u00e9 par code<\/p>\n\n\n\n<p>* salon d&rsquo;\u00e9t\u00e9 et barbecue sur terrasse privative<\/p>\n\n\n\n<p>* wifi (code sur demande)<\/p>\n\n\n\n<p>* 3 places de parking privatives devant le chalet<\/p>\n\n\n\n<h3 class=\"wp-block-heading\">Prestations payantes, disponibles sur demandes<\/h3>\n\n\n\n<h4 class=\"wp-block-heading\"><strong>Kit b\u00e9b\u00e9<\/strong><\/h4>\n\n\n\n<p>Kit complet 50 \u20ac par s\u00e9jour, un article 20 \u20ac par s\u00e9jour<\/p>\n\n\n\n<p>lit parapluie et matelas<\/p>\n\n\n\n<p>chaise haute<\/p>\n\n\n\n<p>rehausseur de chaise<\/p>\n\n\n\n<p>parc<\/p>\n\n\n\n<p>poussette canne<\/p>\n\n\n\n<h4 class=\"wp-block-heading\"><strong>Kit trousseau<\/strong><\/h4>\n\n\n\n<h5 class=\"wp-block-heading\">Lit en 140<\/h5>\n\n\n\n<p>parure de lit\u00a0: un\u00a0drap-housse, 2 housses d&rsquo;oreillers, une\u00a0housse de couette,\u00a0et\u00a0<\/p>\n\n\n\n<p>parure de toilette&nbsp;: un drap de douche, un gant, un tapis de bains : 20 \u20ac pour une&nbsp;personne par s\u00e9jour ou 30 \u20ac pour deux personnes avec&nbsp;un drap de douche et un gant suppl\u00e9mentaires.<\/p>\n\n\n\n<h5 class=\"wp-block-heading\">Lit en 90<\/h5>\n\n\n\n<p>parure de lit\u00a0: un\u00a0drap-housse, 1 housse d&rsquo;oreiller, une\u00a0housse de couette,\u00a0et<\/p>\n\n\n\n<p>parure de toilette&nbsp;: un drap de douche, un gant, un tapis de bains : 20 \u20ac par personne par s\u00e9jour.<\/p>\n\n\n\n<h4 class=\"wp-block-heading\"><strong>Kit entretien<\/strong>\u00a0<\/h4>\n\n\n\n<p>produits pour\u00a0vaisselle\u00a0(tablettes pour lave-vaisselle et liquide vaisselle), tablettes pour\u00a0lessive, produits d&rsquo;entretien,\u00a0torchon\u00a0pour vaisselle et essuie-mains pour chacune des pi\u00e8ces d&rsquo;eau\u00a0: 20 \u20ac par s\u00e9jour.<\/p>\n\n\n\n<h4 class=\"wp-block-heading\"><strong>Kit m\u00e9nage<\/strong><\/h4>\n\n\n\n<p>m\u00e9nage complet dans la limite d&rsquo;un m\u00e9nage standard :\u00a0100 \u20ac.<\/p>\n\n\n\n<h2 class=\"wp-block-heading\">Roc al Sol \/ Tarifs<\/h2>\n\n\n\n<p>Le tarif de la location de ce bas de chalet est fonction de la saison, de la dur\u00e9e du s\u00e9jour et du nombre de personnes en  hors saison.<\/p>\n\n\n\n<p>En p\u00e9riode de vacances scolaires la location est \u00e0 la semaine. <\/p>\n\n\n\n<p>Hors vacances scolaires la location est pour deux nuit\u00e9es minimum.<\/p>\n\n\n\n<p>Le tarif comprend des places de parking privatives, le chauffage et le local ski\/v\u00e9los.<\/p>\n\n\n\n<p>La r\u00e9servation s&rsquo;effectue avec un acompte de 30% du tarif global du s\u00e9jour.<\/p>\n\n\n\n<p>Le solde est \u00e0 r\u00e9gler 8 jours minimum avant le premier jour du s\u00e9jour.<\/p>\n\n\n\n<h3 class=\"wp-block-heading\">Saison hiver<\/h3>\n\n\n\n<h4 class=\"wp-block-heading\"><strong>Vacances scolaires<\/strong> (No\u00ebl, Hiver, Printemps)<\/h4>\n\n\n\n<h5 class=\"wp-block-heading\">Tarif semaine<\/h5>\n\n\n\n<p> 1680 \u20ac<\/p>\n\n\n\n<h4 class=\"wp-block-heading\"><strong>Hors vacances scolaires<\/strong><\/h4>\n\n\n\n<h5 class=\"wp-block-heading\">Tarif semaine<\/h5>\n\n\n\n<p>1100 \u20ac jusqu&rsquo;\u00e0 4 personnes<\/p>\n\n\n\n<p>1300 \u20ac de 5 \u00e0 9 personnes<\/p>\n\n\n\n<h5 class=\"wp-block-heading\">Tarif \u00e0 la nuit\u00e9e (minimum 2 nuits)<\/h5>\n\n\n\n<p> -&gt; les nuits du lundi ou jeudi :<\/p>\n\n\n\n<p>125 \u20ac jusqu&rsquo;\u00e0 4 personnes<\/p>\n\n\n\n<p>160 \u20ac de 5 \u00e0 9 personnes<\/p>\n\n\n\n<p>-&gt; les nuits des vendredi, samedi et dimanche : 240 \u20ac.<\/p>\n\n\n\n<h3 class=\"wp-block-heading\">Hors saisons<\/h3>\n\n\n\n<h5 class=\"wp-block-heading\">Tarif semaine<\/h5>\n\n\n\n<p> En fonction de la p\u00e9riode et du nombre de personnes.<\/p>\n\n\n\n<h5 class=\"wp-block-heading\">Tarif week-end (minimum 2 nuit\u00e9es)<\/h5>\n\n\n\n<p> En fonction du nombre de personnes.<\/p>\n\n\n\n<h5 class=\"wp-block-heading\">Tarif week-end des jours f\u00e9ri\u00e9s (du 1er mai au 11 novembre) <\/h5>\n\n\n\n<p>En fonction de la p\u00e9riode et du nombre de jours.<\/p>\n\n\n\n<h3 class=\"wp-block-heading\">Saison \u00e9t\u00e9<\/h3>\n\n\n\n<h4 class=\"wp-block-heading\">Vacances scolaires (juillet, ao\u00fbt)<\/h4>\n\n\n\n<h5 class=\"wp-block-heading\">Tarif semaine<\/h5>\n\n\n\n<p> 1100 \u20ac.<\/p>\n\n\n\n<h4 class=\"wp-block-heading\">Hors vacances scolaires<\/h4>\n\n\n\n<h5 class=\"wp-block-heading\">Tarif semaine<\/h5>\n\n\n\n<p>850 \u20ac jusqu&rsquo;\u00e0 4 personnes<\/p>\n\n\n\n<p>950 \u20ac de 5 \u00e0 9 personnes.<\/p>\n\n\n\n<h5 class=\"wp-block-heading\">Tarif \u00e0 la nuit\u00e9e (minimum 2 nuits)<\/h5>\n\n\n\n<p> -&gt; les nuits du lundi au jeudi :<\/p>\n\n\n\n<p>105 \u20ac jusqu&rsquo;\u00e0 4 personnes<\/p>\n\n\n\n<p>140 \u20ac de 5 \u00e0 9 personnes<\/p>\n\n\n\n<p>-&gt; les nuits des vendredi, samedi et dimanche : 160 \u20ac.<\/p>\n\n\n\n<h2 class=\"wp-block-heading\">Roc al Sol \/ Contacts<\/h2>\n\n\n\n<p>Pour tout renseignement compl\u00e9mentaire ou pour toute&nbsp;r\u00e9servation, vous pouvez nous joindre :<\/p>\n\n\n\n<p>* par courriel sur rocalsol@orange.fr&nbsp;<\/p>\n\n\n\n<p>* par t\u00e9l\u00e9phone au 06 87 82 20 30<\/p>\n","protected":false},"excerpt":{"rendered":"<p>Roc al Sol est un bel appartement tr\u00e8s lumineux en rez-de-chauss\u00e9e d&rsquo;un chalet individuel dans le village-station de Les Angles en Pyr\u00e9n\u00e9es Catalanes. Il est situ\u00e9 au 7, impasse des Gen\u00eats 66210 Les Angles. Point GPS : 42.581807, 2.073284 Vous y trouverez : Roc al Sol \/ Description L&rsquo;appartement plein Sud donne sur un grand [&hellip;]<\/p>\n","protected":false},"author":1,"featured_media":0,"parent":0,"menu_order":0,"comment_status":"closed","ping_status":"closed","template":"","meta":{"footnotes":""},"class_list":["post-7","page","type-page","status-publish","hentry"],"_links":{"self":[{"href":"https:\/\/rocalsol.com\/index.php\/wp-json\/wp\/v2\/pages\/7","targetHints":{"allow":["GET"]}}],"collection":[{"href":"https:\/\/rocalsol.com\/index.php\/wp-json\/wp\/v2\/pages"}],"about":[{"href":"https:\/\/rocalsol.com\/index.php\/wp-json\/wp\/v2\/types\/page"}],"author":[{"embeddable":true,"href":"https:\/\/rocalsol.com\/index.php\/wp-json\/wp\/v2\/users\/1"}],"replies":[{"embeddable":true,"href":"https:\/\/rocalsol.com\/index.php\/wp-json\/wp\/v2\/comments?post=7"}],"version-history":[{"count":12,"href":"https:\/\/rocalsol.com\/index.php\/wp-json\/wp\/v2\/pages\/7\/revisions"}],"predecessor-version":[{"id":176,"href":"https:\/\/rocalsol.com\/index.php\/wp-json\/wp\/v2\/pages\/7\/revisions\/176"}],"wp:attachment":[{"href":"https:\/\/rocalsol.com\/index.php\/wp-json\/wp\/v2\/media?parent=7"}],"curies":[{"name":"wp","href":"https:\/\/api.w.org\/{rel}","templated":true}]}}