{"id":69,"date":"2024-02-28T23:23:40","date_gmt":"2024-02-28T22:23:40","guid":{"rendered":"https:\/\/rocalsol.com\/?page_id=69"},"modified":"2025-03-12T18:39:36","modified_gmt":"2025-03-12T17:39:36","slug":"roc-al-sol-tarifs","status":"publish","type":"page","link":"https:\/\/rocalsol.com\/index.php\/roc-al-sol-tarifs\/","title":{"rendered":"Roc al Sol \/ Tarifs"},"content":{"rendered":"\n<p>Le tarif de la location de ce bas de chalet est fonction de la saison, de la dur\u00e9e du s\u00e9jour et du nombre de personnes en hors saison.<\/p>\n\n\n\n<p>En p\u00e9riode de vacances scolaires la location est \u00e0 la semaine.<\/p>\n\n\n\n<p>Hors vacances scolaires la location est pour deux nuit\u00e9es minimum.<\/p>\n\n\n\n<p>Le tarif comprend des places de parking privatives, le chauffage et le local ski\/v\u00e9los.<\/p>\n\n\n\n<p>La r\u00e9servation s\u2019effectue avec un acompte de 30% du tarif global du s\u00e9jour.<\/p>\n\n\n\n<p>Le solde est \u00e0 r\u00e9gler 8 jours minimum avant le premier jour du s\u00e9jour.<\/p>\n\n\n\n<h3 class=\"wp-block-heading\">Saison hiver<\/h3>\n\n\n\n<h4 class=\"wp-block-heading\"><strong>Vacances scolaires<\/strong> (No\u00ebl, Hiver, Printemps)<\/h4>\n\n\n\n<h5 class=\"wp-block-heading\">Tarif semaine <\/h5>\n\n\n\n<p> 1680 \u20ac.<\/p>\n\n\n\n<h4 class=\"wp-block-heading\"><strong>Hors vacances scolaires<\/strong><\/h4>\n\n\n\n<h5 class=\"wp-block-heading\">Tarif semaine<\/h5>\n\n\n\n<p>1100 \u20ac jusqu\u2019\u00e0 4 personnes<\/p>\n\n\n\n<p>1300 \u20ac de 5 \u00e0 9 personnes.<\/p>\n\n\n\n<h5 class=\"wp-block-heading\">Tarif \u00e0 la nuit\u00e9e (minimum 2 nuits)<\/h5>\n\n\n\n<p> -> les nuits du lundi ou jeudi :<\/p>\n\n\n\n<p>125 \u20ac jusqu\u2019\u00e0 4 personnes<\/p>\n\n\n\n<p>160 \u20ac de 5 \u00e0 9 personnes<\/p>\n\n\n\n<p>-&gt; les nuits des vendredi, samedi et dimanche : 240 \u20ac.<\/p>\n\n\n\n<h3 class=\"wp-block-heading\">Hors saisons<\/h3>\n\n\n\n<h5 class=\"wp-block-heading\">Tarif semaine<\/h5>\n\n\n\n<p>en fonction de la p\u00e9riode et du nombre de personnes.<\/p>\n\n\n\n<h5 class=\"wp-block-heading\">Tarif \u00e0 la nuit\u00e9e (minimum 2 nuit\u00e9es)<\/h5>\n\n\n\n<p>en fonction du nombre de personnes.<\/p>\n\n\n\n<h5 class=\"wp-block-heading\">Tarif week-end des jours f\u00e9ri\u00e9s (du 1er mai au 11 novembre)<\/h5>\n\n\n\n<p> en fonction de la p\u00e9riode et du nombre de jours.<\/p>\n\n\n\n<h3 class=\"wp-block-heading\">Saison \u00e9t\u00e9<\/h3>\n\n\n\n<h4 class=\"wp-block-heading\"><strong>Vacances scolaires<\/strong> (juillet, ao\u00fbt)<\/h4>\n\n\n\n<h5 class=\"wp-block-heading\"> Tarif semaine<\/h5>\n\n\n\n<p> 1100 \u20ac.<\/p>\n\n\n\n<h4 class=\"wp-block-heading\"><strong>Hors vacances scolaires<\/strong><\/h4>\n\n\n\n<h5 class=\"wp-block-heading\">Tarif semaine<\/h5>\n\n\n\n<p>850 \u20ac jusqu\u2019\u00e0 4 personnes<\/p>\n\n\n\n<p>950 \u20ac de 5 \u00e0 9 personnes.<\/p>\n\n\n\n<h5 class=\"wp-block-heading\">Tarif \u00e0 la nuit\u00e9e (minimum 2 nuit\u00e9es)<\/h5>\n\n\n\n<p> -> les nuits du lundi au jeudi :<\/p>\n\n\n\n<p>105 \u20ac jusqu\u2019\u00e0 4 personnes<\/p>\n\n\n\n<p>140 \u20ac de 5 \u00e0 9 personnes<\/p>\n\n\n\n<p>-&gt; les nuits des vendredi, samedi et dimanche : 160 \u20ac.<\/p>\n","protected":false},"excerpt":{"rendered":"<p>Le tarif de la location de ce bas de chalet est fonction de la saison, de la dur\u00e9e du s\u00e9jour et du nombre de personnes en hors saison. En p\u00e9riode de vacances scolaires la location est \u00e0 la semaine. Hors vacances scolaires la location est pour deux nuit\u00e9es minimum. Le tarif comprend des places de [&hellip;]<\/p>\n","protected":false},"author":1,"featured_media":0,"parent":0,"menu_order":0,"comment_status":"closed","ping_status":"closed","template":"","meta":{"footnotes":""},"class_list":["post-69","page","type-page","status-publish","hentry"],"_links":{"self":[{"href":"https:\/\/rocalsol.com\/index.php\/wp-json\/wp\/v2\/pages\/69","targetHints":{"allow":["GET"]}}],"collection":[{"href":"https:\/\/rocalsol.com\/index.php\/wp-json\/wp\/v2\/pages"}],"about":[{"href":"https:\/\/rocalsol.com\/index.php\/wp-json\/wp\/v2\/types\/page"}],"author":[{"embeddable":true,"href":"https:\/\/rocalsol.com\/index.php\/wp-json\/wp\/v2\/users\/1"}],"replies":[{"embeddable":true,"href":"https:\/\/rocalsol.com\/index.php\/wp-json\/wp\/v2\/comments?post=69"}],"version-history":[{"count":4,"href":"https:\/\/rocalsol.com\/index.php\/wp-json\/wp\/v2\/pages\/69\/revisions"}],"predecessor-version":[{"id":181,"href":"https:\/\/rocalsol.com\/index.php\/wp-json\/wp\/v2\/pages\/69\/revisions\/181"}],"wp:attachment":[{"href":"https:\/\/rocalsol.com\/index.php\/wp-json\/wp\/v2\/media?parent=69"}],"curies":[{"name":"wp","href":"https:\/\/api.w.org\/{rel}","templated":true}]}}